{"id":67738,"date":"2025-03-06T11:02:16","date_gmt":"2025-03-06T17:02:16","guid":{"rendered":"https:\/\/forhumansecurity.org\/?page_id=67738"},"modified":"2025-03-06T11:02:16","modified_gmt":"2025-03-06T17:02:16","slug":"perspectives-annuelles-de-liihs","status":"publish","type":"page","link":"https:\/\/forhumansecurity.org\/fr\/perspectives-annuelles-de-liihs\/","title":{"rendered":"Perspectives annuelles de l&rsquo;IIHS"},"content":{"rendered":"<p><i>Explorer les tendances, les d\u00e9fis et les solutions mondiaux pour la s\u00e9curit\u00e9 humaine<\/i><\/p>\n<p><b>Qu&rsquo;est-ce que le rapport annuel de l&rsquo;IIHS ?<\/b><\/p>\n<p>Le <b>rapport annuel de l&rsquo;IIHS<\/b> est une publication phare de l&rsquo;<b>Institut international pour la s\u00e9curit\u00e9 humaine (IIHS)<\/b>. Il fournit <b>une \u00e9valuation annuelle des principales tendances mondiales en mati\u00e8re de<\/b> s\u00e9curit\u00e9, offrant <b>des perspectives, des \u00e9tudes de cas et des recommandations<\/b> politiques pour renforcer les stabilisateurs soci\u00e9taux dans le monde entier.<\/p>\n<p><b>Pourquoi est-ce important ?<\/b><\/p>\n<p>\u00c0 une \u00e9poque o\u00f9 les menaces \u00e9voluent (<b>conflits, d\u00e9placements de population, traite des \u00eatres humains, ins\u00e9curit\u00e9 climatique et d\u00e9fis li\u00e9s \u00e0 l&rsquo;intelligence artificielle<\/b>), le rapport annuel de l&rsquo;IIHS constitue une <b>ressource pour les d\u00e9cideurs politiques, les praticiens et les chercheurs<\/b> qui \u0153uvrent \u00e0 la cr\u00e9ation d&rsquo;un monde plus stable et plus juste.<\/p>\n<p><b>\u00c0 quoi s&rsquo;attendre dans chaque \u00e9dition<\/b><\/p>\n<ul>\n<li><b>Analyse des tendances en mati\u00e8re de s\u00e9curit\u00e9 humaine :<\/b> risques \u00e9mergents, opportunit\u00e9s et \u00e9volution de la dynamique mondiale.<\/li>\n<li><b>\u00c9tudes de cas et bonnes pratiques :<\/b> exemples concrets d&rsquo;interventions et de strat\u00e9gies.<\/li>\n<li><b>Recommandations politiques concr\u00e8tes :<\/b> solutions pratiques pour les gouvernements, la soci\u00e9t\u00e9 civile et les institutions.<\/li>\n<li><b>Collaboration multisectorielle :<\/b> aper\u00e7u de l&rsquo;int\u00e9gration des efforts entre les secteurs pour un impact durable.<\/li>\n<\/ul>\n<p><b>Explorez les derni\u00e8res perspectives<\/b><\/p>\n<p>\ud83d\udcd6 <a href=\"https:\/\/forhumansecurity.org\/wp-content\/uploads\/2025\/03\/Human-Security-Outlook-2025-.pdf\"><b>IIHS Human Security Outlook 2025<\/b><\/a> &#8211; L&rsquo;\u00e9dition inaugurale, qui offre un aper\u00e7u approfondi de l&rsquo;\u00e9tat de la s\u00e9curit\u00e9 humaine en 2025.<\/p>\n<p>\u00c0 partir de 2025, la publication n&rsquo;est disponible qu&rsquo;en anglais. Si vous souhaitez consulter la publication en fran\u00e7ais, nous vous encourageons \u00e0 utiliser un outil de traduction.<\/p>\n","protected":false},"excerpt":{"rendered":"<p>Explorer les tendances, les d\u00e9fis et les solutions mondiaux pour la s\u00e9curit\u00e9 humaine Qu&rsquo;est-ce que le rapport annuel de l&rsquo;IIHS ? Le rapport annuel de l&rsquo;IIHS est une publication phare de l&rsquo;Institut international pour la s\u00e9curit\u00e9 humaine (IIHS). Il fournit une \u00e9valuation annuelle des principales tendances mondiales en mati\u00e8re de s\u00e9curit\u00e9, offrant des perspectives, des&hellip;<\/p>\n","protected":false},"author":1,"featured_media":0,"parent":0,"menu_order":0,"comment_status":"closed","ping_status":"closed","template":"","meta":[],"class_list":["post-67738","page","type-page","status-publish","hentry","description-off"],"_links":{"self":[{"href":"https:\/\/forhumansecurity.org\/fr\/wp-json\/wp\/v2\/pages\/67738","targetHints":{"allow":["GET"]}}],"collection":[{"href":"https:\/\/forhumansecurity.org\/fr\/wp-json\/wp\/v2\/pages"}],"about":[{"href":"https:\/\/forhumansecurity.org\/fr\/wp-json\/wp\/v2\/types\/page"}],"author":[{"embeddable":true,"href":"https:\/\/forhumansecurity.org\/fr\/wp-json\/wp\/v2\/users\/1"}],"replies":[{"embeddable":true,"href":"https:\/\/forhumansecurity.org\/fr\/wp-json\/wp\/v2\/comments?post=67738"}],"version-history":[{"count":1,"href":"https:\/\/forhumansecurity.org\/fr\/wp-json\/wp\/v2\/pages\/67738\/revisions"}],"predecessor-version":[{"id":67739,"href":"https:\/\/forhumansecurity.org\/fr\/wp-json\/wp\/v2\/pages\/67738\/revisions\/67739"}],"wp:attachment":[{"href":"https:\/\/forhumansecurity.org\/fr\/wp-json\/wp\/v2\/media?parent=67738"}],"curies":[{"name":"wp","href":"https:\/\/api.w.org\/{rel}","templated":true}]}}